{"id":6747,"date":"2017-07-07T12:19:23","date_gmt":"2017-07-07T10:19:23","guid":{"rendered":"http:\/\/roadstomongolia.com\/?page_id=6747"},"modified":"2021-12-01T10:42:24","modified_gmt":"2021-12-01T08:42:24","slug":"risa-team","status":"publish","type":"page","link":"https:\/\/roadstomongolia.com\/?page_id=6747","title":{"rendered":"RiSA &#8217;17 \u2013 Team"},"content":{"rendered":"<h3>Tobias<img loading=\"lazy\" decoding=\"async\" class=\"alignright wp-image-5567\" src=\"http:\/\/roadstomongolia.com\/wp-content\/uploads\/2017\/12\/IMG_20171229_201635.jpg\" alt=\"RuN - Tobias\" width=\"450\" height=\"450\"><\/h3>\n<p>\u201cWas kommt nach der BAM in Sibirien &#8211; Ein neuer Kontinent &#8211; solo!\u201d<\/p>\n<p><strong>Zuhause:<\/strong> M\u00fcnchen<br \/>\n<strong>Motorrad:<\/strong> <a href=\"http:\/\/roadstomongolia.com\/?cat=32\">KTM 690 Enduro R<\/a><\/p>\n<p><strong>Meine bisherigen Reisekoordinaten:<br \/>\n<\/strong>&nbsp; N\u00f6rdlichster Punkt: <a href=\"http:\/\/roadstomongolia.com\/?p=6132\">Murmansk<\/a>, Russland<br \/>\n&nbsp; S\u00fcdlichster Punkt: <a href=\"http:\/\/roadstomongolia.com\/?p=8952\">Ushuaia<\/a>, Argentinien<br \/>\n&nbsp; Westlichster Punkt: <a href=\"http:\/\/roadstomongolia.com\/?p=8271\">Isla Sangayen<\/a>, Peru<br \/>\n&nbsp; \u00d6stlichster Punkt: <a href=\"http:\/\/roadstomongolia.com\/?p=5510\">Tynda<\/a>, Russland, Sibirien<\/p>\n","protected":false},"excerpt":{"rendered":"<p>Tobias \u201cWas kommt nach der BAM in Sibirien &#8211; Ein neuer Kontinent &#8211; solo!\u201d Zuhause: M\u00fcnchen Motorrad: KTM 690 Enduro R Meine bisherigen Reisekoordinaten: &nbsp; N\u00f6rdlichster Punkt: Murmansk, Russland &nbsp; S\u00fcdlichster Punkt: Ushuaia, Argentinien &nbsp; Westlichster Punkt: Isla Sangayen, Peru &nbsp; \u00d6stlichster Punkt: Tynda, Russland, Sibirien<\/p>\n","protected":false},"author":5,"featured_media":0,"parent":6736,"menu_order":0,"comment_status":"closed","ping_status":"closed","template":"template-full-width.php","meta":{"ngg_post_thumbnail":0,"footnotes":""},"class_list":["post-6747","page","type-page","status-publish","hentry","column","onecol"],"_links":{"self":[{"href":"https:\/\/roadstomongolia.com\/index.php?rest_route=\/wp\/v2\/pages\/6747","targetHints":{"allow":["GET"]}}],"collection":[{"href":"https:\/\/roadstomongolia.com\/index.php?rest_route=\/wp\/v2\/pages"}],"about":[{"href":"https:\/\/roadstomongolia.com\/index.php?rest_route=\/wp\/v2\/types\/page"}],"author":[{"embeddable":true,"href":"https:\/\/roadstomongolia.com\/index.php?rest_route=\/wp\/v2\/users\/5"}],"replies":[{"embeddable":true,"href":"https:\/\/roadstomongolia.com\/index.php?rest_route=%2Fwp%2Fv2%2Fcomments&post=6747"}],"version-history":[{"count":7,"href":"https:\/\/roadstomongolia.com\/index.php?rest_route=\/wp\/v2\/pages\/6747\/revisions"}],"predecessor-version":[{"id":13540,"href":"https:\/\/roadstomongolia.com\/index.php?rest_route=\/wp\/v2\/pages\/6747\/revisions\/13540"}],"up":[{"embeddable":true,"href":"https:\/\/roadstomongolia.com\/index.php?rest_route=\/wp\/v2\/pages\/6736"}],"wp:attachment":[{"href":"https:\/\/roadstomongolia.com\/index.php?rest_route=%2Fwp%2Fv2%2Fmedia&parent=6747"}],"curies":[{"name":"wp","href":"https:\/\/api.w.org\/{rel}","templated":true}]}}