{"id":5552,"date":"2016-02-04T19:57:24","date_gmt":"2016-02-04T17:57:24","guid":{"rendered":"http:\/\/roadstomongolia.com\/?page_id=5552"},"modified":"2017-04-19T21:37:26","modified_gmt":"2017-04-19T19:37:26","slug":"run-bilder","status":"publish","type":"page","link":"http:\/\/roadstomongolia.com\/?page_id=5552","title":{"rendered":"RuN &#8211; Bilder und Videos"},"content":{"rendered":"<h3>Roads up North &#8211; Video &#8222;M\u00fcnchen &#8211; Murmansk&#8220;<strong><br \/>\n<\/strong><\/h3>\n<p>Videos des zweiten Teils von Roads up North von M\u00fcnchen nach Murmansk.<\/p>\n<p><iframe loading=\"lazy\" src=\"\/\/www.youtube.com\/embed\/hUEzIKJX8ns?vq=hd720&amp;feature=player_detailpage;showinfo=0\" allowfullscreen=\"allowfullscreen\" frameborder=\"0\" height=\"270\" width=\"480\"><\/iframe><\/p>\n<h3>Roads up North &#8211; Bilder<\/h3>\n<p>M\u00fcnchen &#8211; Murmansk<\/p>\n<p><em>ngg_shortcode_0_placeholder<\/em><\/p>\n<p>&nbsp;<\/p>\n<p>Stuttgart &#8211; Gibraltar<\/p>\n<p><em>ngg_shortcode_1_placeholder<\/em><\/p>\n","protected":false},"excerpt":{"rendered":"<p>Roads up North &#8211; Video &#8222;M\u00fcnchen &#8211; Murmansk&#8220; Videos des zweiten Teils von Roads up North von M\u00fcnchen nach Murmansk. Roads up North &#8211; Bilder M\u00fcnchen &#8211; Murmansk &nbsp; Stuttgart &#8211; Gibraltar<\/p>\n","protected":false},"author":5,"featured_media":0,"parent":5504,"menu_order":0,"comment_status":"closed","ping_status":"closed","template":"","meta":{"ngg_post_thumbnail":0,"footnotes":""},"class_list":["post-5552","page","type-page","status-publish","hentry","column","onecol"],"_links":{"self":[{"href":"http:\/\/roadstomongolia.com\/index.php?rest_route=\/wp\/v2\/pages\/5552","targetHints":{"allow":["GET"]}}],"collection":[{"href":"http:\/\/roadstomongolia.com\/index.php?rest_route=\/wp\/v2\/pages"}],"about":[{"href":"http:\/\/roadstomongolia.com\/index.php?rest_route=\/wp\/v2\/types\/page"}],"author":[{"embeddable":true,"href":"http:\/\/roadstomongolia.com\/index.php?rest_route=\/wp\/v2\/users\/5"}],"replies":[{"embeddable":true,"href":"http:\/\/roadstomongolia.com\/index.php?rest_route=%2Fwp%2Fv2%2Fcomments&post=5552"}],"version-history":[{"count":9,"href":"http:\/\/roadstomongolia.com\/index.php?rest_route=\/wp\/v2\/pages\/5552\/revisions"}],"predecessor-version":[{"id":6946,"href":"http:\/\/roadstomongolia.com\/index.php?rest_route=\/wp\/v2\/pages\/5552\/revisions\/6946"}],"up":[{"embeddable":true,"href":"http:\/\/roadstomongolia.com\/index.php?rest_route=\/wp\/v2\/pages\/5504"}],"wp:attachment":[{"href":"http:\/\/roadstomongolia.com\/index.php?rest_route=%2Fwp%2Fv2%2Fmedia&parent=5552"}],"curies":[{"name":"wp","href":"https:\/\/api.w.org\/{rel}","templated":true}]}}