{"id":399,"date":"2011-10-15T21:10:14","date_gmt":"2011-10-15T19:10:14","guid":{"rendered":"http:\/\/roadstomongolia.com\/?page_id=399"},"modified":"2015-02-16T10:18:07","modified_gmt":"2015-02-16T08:18:07","slug":"bilder","status":"publish","type":"page","link":"http:\/\/roadstomongolia.com\/?page_id=399","title":{"rendered":"RtM &#8211; Bilder"},"content":{"rendered":"<h4>Russland<strong><img loading=\"lazy\" decoding=\"async\" class=\"alignright\" title=\"Russia-Flag-64\" src=\"http:\/\/roadstomongolia.com\/wp-content\/uploads\/2011\/10\/Russia-Flag-64.png\" alt=\"\" width=\"64\" height=\"64\" \/><\/strong><\/h4>\n<p>Winterreise &#8211; Wiedersehen in Sibirien<\/p>\nngg_shortcode_0_placeholder\n<p>&nbsp;<\/p>\n<h4>\u00d6sterreich &#8211; Deutschland<strong><img loading=\"lazy\" decoding=\"async\" class=\"alignright\" title=\"Austria-Flag-64\" src=\"http:\/\/roadstomongolia.com\/wp-content\/uploads\/2011\/10\/Austria-Flag-64.png\" alt=\"\" width=\"64\" height=\"64\" \/><img loading=\"lazy\" decoding=\"async\" class=\"alignright\" title=\"Germany-Flag-64\" src=\"http:\/\/roadstomongolia.com\/wp-content\/uploads\/2011\/10\/Germany-Flag-64.png\" alt=\"\" width=\"64\" height=\"64\" \/><\/strong><\/h4>\n<p>die letzen Meter<\/p>\nngg_shortcode_1_placeholder\n<p>&nbsp;<\/p>\n<h4>Italien <img loading=\"lazy\" decoding=\"async\" class=\"alignright size-full wp-image-539\" title=\"Italy-Flag-64\" src=\"http:\/\/roadstomongolia.com\/wp-content\/uploads\/2011\/10\/Italy-Flag-64.png\" alt=\"\" width=\"64\" height=\"64\" \/><\/h4>\n<p>Zelten auf 2.000 Metern<\/p>\nngg_shortcode_2_placeholder\n<p>&nbsp;<\/p>\n<h4>Slowenien<img loading=\"lazy\" decoding=\"async\" class=\"alignright size-full wp-image-551\" title=\"Slovenia-Flag-64\" src=\"http:\/\/roadstomongolia.com\/wp-content\/uploads\/2011\/10\/Slovenia-Flag-64.png\" alt=\"\" width=\"64\" height=\"64\" \/><\/h4>\n<p>Soca &#8211; was f\u00fcr eine Abk\u00fchlung<\/p>\nngg_shortcode_3_placeholder\n<p>&nbsp;<\/p>\n<h4>Kroatien<img loading=\"lazy\" decoding=\"async\" class=\"alignright size-full wp-image-533\" title=\"Croatian-Flag-64\" src=\"http:\/\/roadstomongolia.com\/wp-content\/uploads\/2011\/10\/Croatian-Flag-64.png\" alt=\"\" width=\"64\" height=\"64\" \/><\/h4>\n<p>nur mal kurz durch<\/p>\nngg_shortcode_4_placeholder\n<p>&nbsp;<\/p>\n<h4>Serbien<img loading=\"lazy\" decoding=\"async\" class=\"alignright size-full wp-image-549\" title=\"Serbia-Flag-64\" src=\"http:\/\/roadstomongolia.com\/wp-content\/uploads\/2011\/10\/Serbia-Flag-64.png\" alt=\"\" width=\"64\" height=\"64\" \/><\/h4>\n<p>leider zu kurz<\/p>\nngg_shortcode_5_placeholder\n<p>&nbsp;<\/p>\n<h4>Rum\u00e4nien<img loading=\"lazy\" decoding=\"async\" class=\"alignright\" title=\"Romania-Flag-64\" src=\"http:\/\/roadstomongolia.com\/wp-content\/uploads\/2011\/10\/Romania-Flag-64.png\" alt=\"\" width=\"64\" height=\"64\" \/><\/h4>\n<p>immer wieder sch\u00f6n<\/p>\nngg_shortcode_6_placeholder\n<p>&nbsp;<\/p>\n<h4>Ungarn<strong><img loading=\"lazy\" decoding=\"async\" class=\"alignright\" title=\"Hungary-Flag-64\" src=\"http:\/\/roadstomongolia.com\/wp-content\/uploads\/2011\/10\/Hungary-Flag-64.png\" alt=\"\" width=\"64\" height=\"64\" \/><\/strong><\/h4>\n<p>hei\u00df und flach<\/p>\nngg_shortcode_7_placeholder\n<p>&nbsp;<\/p>\n<h4>Slowakei<img loading=\"lazy\" decoding=\"async\" class=\"alignright size-full wp-image-550\" title=\"Slovakia-Flag-64\" src=\"http:\/\/roadstomongolia.com\/wp-content\/uploads\/2011\/10\/Slovakia-Flag-64.png\" alt=\"\" width=\"64\" height=\"64\" \/><\/h4>\n<p>eine Reise wert<\/p>\nngg_shortcode_8_placeholder\n<p>&nbsp;<\/p>\n<h4>Polen<img loading=\"lazy\" decoding=\"async\" class=\"alignright size-full wp-image-546\" title=\"Poland-Flag-64\" src=\"http:\/\/roadstomongolia.com\/wp-content\/uploads\/2011\/10\/Poland-Flag-64.png\" alt=\"\" width=\"64\" height=\"64\" \/><\/h4>\n<p>Gar nicht unser Ding<\/p>\nngg_shortcode_9_placeholder\n<p>&nbsp;<\/p>\n<h4>Litauen <img loading=\"lazy\" decoding=\"async\" class=\"alignright size-full wp-image-543\" title=\"Lithuania-Flag-64\" src=\"http:\/\/roadstomongolia.com\/wp-content\/uploads\/2011\/10\/Lithuania-Flag-64.png\" alt=\"\" width=\"64\" height=\"64\" \/><\/h4>\n<p>Genau unser Ding<\/p>\nngg_shortcode_10_placeholder\n<p>&nbsp;<\/p>\n<h4>Lettland<img loading=\"lazy\" decoding=\"async\" class=\"alignright size-full wp-image-542\" title=\"Latvia-Flag-64\" src=\"http:\/\/roadstomongolia.com\/wp-content\/uploads\/2011\/10\/Latvia-Flag-64.png\" alt=\"\" width=\"64\" height=\"64\" \/><\/h4>\n<p>Kurz, aber sch\u00f6n<\/p>\nngg_shortcode_11_placeholder\n<p>&nbsp;<\/p>\n<h4>Estland<img loading=\"lazy\" decoding=\"async\" class=\"alignright size-full wp-image-535\" title=\"Estonia-64\" src=\"http:\/\/roadstomongolia.com\/wp-content\/uploads\/2011\/10\/Estonia-64.png\" alt=\"\" width=\"64\" height=\"64\" \/><\/h4>\n<p>Klein, aber oho<\/p>\nngg_shortcode_12_placeholder\n<p>&nbsp;<\/p>\n<h4>Russland<strong><img loading=\"lazy\" decoding=\"async\" class=\"alignright\" title=\"Russia-Flag-64\" src=\"http:\/\/roadstomongolia.com\/wp-content\/uploads\/2011\/10\/Russia-Flag-64.png\" alt=\"\" width=\"64\" height=\"64\" \/><\/strong><\/h4>\n<p>St. Petersburg<\/p>\nngg_shortcode_13_placeholder\n<p>&nbsp;<\/p>\n<h4>Russland<img loading=\"lazy\" decoding=\"async\" class=\"alignright\" title=\"Russia-Flag-64\" src=\"http:\/\/roadstomongolia.com\/wp-content\/uploads\/2011\/10\/Russia-Flag-64.png\" alt=\"\" width=\"64\" height=\"64\" \/><\/h4>\n<p>Zur\u00fcck nach Westen &#8211; Der Weg nach St. Petersburg<\/p>\nngg_shortcode_14_placeholder\n<p>&nbsp;<\/p>\n<h4>Russland<img loading=\"lazy\" decoding=\"async\" class=\"alignright\" title=\"Russia-Flag-64\" src=\"http:\/\/roadstomongolia.com\/wp-content\/uploads\/2011\/10\/Russia-Flag-64.png\" alt=\"\" width=\"64\" height=\"64\" \/><\/h4>\n<p>Zur\u00fcck nach Westen &#8211; Der Weg nach Novosibirsk<\/p>\nngg_shortcode_15_placeholder\n<p>&nbsp;<\/p>\n<h4>Russland<img loading=\"lazy\" decoding=\"async\" class=\"alignright\" title=\"Russia-Flag-64\" src=\"http:\/\/roadstomongolia.com\/wp-content\/uploads\/2011\/10\/Russia-Flag-64.png\" alt=\"\" width=\"64\" height=\"64\" \/><\/h4>\n<p>Baikal &#8211; Der Weg und das Ziel<\/p>\nngg_shortcode_16_placeholder\n<p>&nbsp;<\/p>\n<h4>Mongolei<img loading=\"lazy\" decoding=\"async\" class=\"alignright size-full wp-image-545\" title=\"Mongolia-Flag-64\" src=\"http:\/\/roadstomongolia.com\/wp-content\/uploads\/2011\/10\/Mongolia-Flag-64.png\" alt=\"\" width=\"64\" height=\"64\" \/><\/h4>\n<p>Wundersch\u00f6n, aber anstrengend<\/p>\nngg_shortcode_17_placeholder\n<p>&nbsp;<\/p>\n<h4>Russland<img loading=\"lazy\" decoding=\"async\" class=\"alignright\" title=\"Russia-Flag-64\" src=\"http:\/\/roadstomongolia.com\/wp-content\/uploads\/2011\/10\/Russia-Flag-64.png\" alt=\"\" width=\"64\" height=\"64\" \/><\/h4>\n<p>Durch das Altei in Richtung Mongolei<\/p>\nngg_shortcode_18_placeholder\n<p>&nbsp;<\/p>\n<h4>Kasachstan<img loading=\"lazy\" decoding=\"async\" class=\"alignright\" title=\"Kazakhstan-Flag-64\" src=\"http:\/\/roadstomongolia.com\/wp-content\/uploads\/2011\/10\/Kazakhstan-Flag-64.png\" alt=\"\" width=\"64\" height=\"64\" \/><\/h4>\n<p>Von Almaty in Richtung Norden nach Russland<\/p>\nngg_shortcode_19_placeholder\n<p>&nbsp;<\/p>\n<h4>Kasachstan<img loading=\"lazy\" decoding=\"async\" class=\"alignright\" title=\"Kazakhstan-Flag-64\" src=\"http:\/\/roadstomongolia.com\/wp-content\/uploads\/2011\/10\/Kazakhstan-Flag-64.png\" alt=\"\" width=\"64\" height=\"64\" \/><\/h4>\n<p>Durch die Berge nach Almaty<\/p>\nngg_shortcode_20_placeholder\n<p>&nbsp;<\/p>\n<h4 style=\"text-align: left;\">Kasachstan<img loading=\"lazy\" decoding=\"async\" class=\"alignright size-full wp-image-540\" title=\"Kazakhstan-Flag-64\" src=\"http:\/\/roadstomongolia.com\/wp-content\/uploads\/2011\/10\/Kazakhstan-Flag-64.png\" alt=\"\" width=\"64\" height=\"64\" \/><\/h4>\n<p>Von Atyrau durch die Steppe in Richtung Almaty<\/p>\nngg_shortcode_21_placeholder\n<p>&nbsp;<\/p>\n<h4 style=\"text-align: left;\">Russland<img loading=\"lazy\" decoding=\"async\" class=\"alignright size-full wp-image-548\" title=\"Russia-Flag-64\" src=\"http:\/\/roadstomongolia.com\/wp-content\/uploads\/2011\/10\/Russia-Flag-64.png\" alt=\"\" width=\"64\" height=\"64\" \/><\/h4>\n<p>Lebensfroh und weit<\/p>\nngg_shortcode_22_placeholder\n<p>&nbsp;<\/p>\n<h4>Ukraine<img loading=\"lazy\" decoding=\"async\" class=\"alignright size-full wp-image-553\" title=\"Ukraine-Flag-64\" src=\"http:\/\/roadstomongolia.com\/wp-content\/uploads\/2011\/10\/Ukraine-Flag-64.png\" alt=\"\" width=\"64\" height=\"64\" \/><\/h4>\n<p>Unerwartet sch\u00f6n und unglaublich freundlich<\/p>\nngg_shortcode_23_placeholder\n<p>&nbsp;<\/p>\n<h4 style=\"text-align: left;\">Rum\u00e4nien<img loading=\"lazy\" decoding=\"async\" class=\"alignright size-full wp-image-547\" title=\"Romania-Flag-64\" src=\"http:\/\/roadstomongolia.com\/wp-content\/uploads\/2011\/10\/Romania-Flag-64.png\" alt=\"\" width=\"64\" height=\"64\" \/><\/h4>\n<p style=\"text-align: left;\">Erste Offroad-Erfahrungen<\/p>\nngg_shortcode_24_placeholder\n<p>&nbsp;<\/p>\n<h4 style=\"text-align: left;\"><strong>Abreise und die erste<\/strong><strong>n Tage<img loading=\"lazy\" decoding=\"async\" class=\"alignright size-full wp-image-538\" title=\"Hungary-Flag-64\" src=\"http:\/\/roadstomongolia.com\/wp-content\/uploads\/2011\/10\/Hungary-Flag-64.png\" alt=\"\" width=\"64\" height=\"64\" \/><img loading=\"lazy\" decoding=\"async\" class=\"alignright size-full wp-image-528\" title=\"Austria-Flag-64\" src=\"http:\/\/roadstomongolia.com\/wp-content\/uploads\/2011\/10\/Austria-Flag-64.png\" alt=\"\" width=\"64\" height=\"64\" \/><img loading=\"lazy\" decoding=\"async\" class=\"alignright size-full wp-image-537\" title=\"Germany-Flag-64\" src=\"http:\/\/roadstomongolia.com\/wp-content\/uploads\/2011\/10\/Germany-Flag-64.png\" alt=\"\" width=\"64\" height=\"64\" \/><\/strong><\/h4>\n<p>Deutschland &#8211; \u00d6sterreich &#8211; Ungarn<\/p>\nngg_shortcode_25_placeholder\n<p>&nbsp;<\/p>\n<h4><strong>Dolomiten<img loading=\"lazy\" decoding=\"async\" class=\"alignright size-full wp-image-539\" title=\"Italy-Flag-64\" src=\"http:\/\/roadstomongolia.com\/wp-content\/uploads\/2011\/10\/Italy-Flag-64.png\" alt=\"\" width=\"64\" height=\"64\" \/><\/strong><\/h4>\n<p>August 2011 &#8211; Testreise in die Dolomiten<\/p>\nngg_shortcode_26_placeholder\n<p>&nbsp;<\/p>\n<h4><strong><img loading=\"lazy\" decoding=\"async\" class=\"alignright size-full wp-image-536\" title=\"France-Flag-64\" src=\"http:\/\/roadstomongolia.com\/wp-content\/uploads\/2011\/10\/France-Flag-64.png\" alt=\"\" width=\"64\" height=\"64\" \/>Vogesen<\/strong><\/h4>\n<p>Mai 2011 &#8211; Testreise in Vogesen<\/p>\nngg_shortcode_27_placeholder\n","protected":false},"excerpt":{"rendered":"<p>Russland Winterreise &#8211; Wiedersehen in Sibirien &nbsp; \u00d6sterreich &#8211; Deutschland die letzen Meter &nbsp; Italien Zelten auf 2.000 Metern &nbsp; Slowenien Soca &#8211; was f\u00fcr eine Abk\u00fchlung &nbsp; Kroatien nur mal kurz durch &nbsp; Serbien leider zu kurz &nbsp; Rum\u00e4nien immer wieder sch\u00f6n &nbsp; Ungarn hei\u00df und flach &nbsp; Slowakei &#8230;<\/p>\n","protected":false},"author":5,"featured_media":553,"parent":2433,"menu_order":0,"comment_status":"closed","ping_status":"closed","template":"","meta":{"ngg_post_thumbnail":0,"footnotes":""},"class_list":["post-399","page","type-page","status-publish","has-post-thumbnail","hentry","column","onecol","has-thumbnail"],"_links":{"self":[{"href":"http:\/\/roadstomongolia.com\/index.php?rest_route=\/wp\/v2\/pages\/399","targetHints":{"allow":["GET"]}}],"collection":[{"href":"http:\/\/roadstomongolia.com\/index.php?rest_route=\/wp\/v2\/pages"}],"about":[{"href":"http:\/\/roadstomongolia.com\/index.php?rest_route=\/wp\/v2\/types\/page"}],"author":[{"embeddable":true,"href":"http:\/\/roadstomongolia.com\/index.php?rest_route=\/wp\/v2\/users\/5"}],"replies":[{"embeddable":true,"href":"http:\/\/roadstomongolia.com\/index.php?rest_route=%2Fwp%2Fv2%2Fcomments&post=399"}],"version-history":[{"count":91,"href":"http:\/\/roadstomongolia.com\/index.php?rest_route=\/wp\/v2\/pages\/399\/revisions"}],"predecessor-version":[{"id":3400,"href":"http:\/\/roadstomongolia.com\/index.php?rest_route=\/wp\/v2\/pages\/399\/revisions\/3400"}],"up":[{"embeddable":true,"href":"http:\/\/roadstomongolia.com\/index.php?rest_route=\/wp\/v2\/pages\/2433"}],"wp:featuredmedia":[{"embeddable":true,"href":"http:\/\/roadstomongolia.com\/index.php?rest_route=\/wp\/v2\/media\/553"}],"wp:attachment":[{"href":"http:\/\/roadstomongolia.com\/index.php?rest_route=%2Fwp%2Fv2%2Fmedia&parent=399"}],"curies":[{"name":"wp","href":"https:\/\/api.w.org\/{rel}","templated":true}]}}