{"id":148,"date":"2011-09-15T18:18:54","date_gmt":"2011-09-15T16:18:54","guid":{"rendered":"http:\/\/roadstomongolia.com\/?page_id=148"},"modified":"2014-08-02T23:19:54","modified_gmt":"2014-08-02T21:19:54","slug":"route","status":"publish","type":"page","link":"http:\/\/roadstomongolia.com\/?page_id=148","title":{"rendered":"RtM &#8211; geplante Route"},"content":{"rendered":"<p>In <strong>100 Tagen<\/strong> ging es von <strong>Deutschland in die Mongolei und zur\u00fcck<\/strong>.<\/p>\n<p>Mitte <strong>Mai 2012<\/strong> starteten wir in Richtung Osten und Ende <strong>August 2012<\/strong> waren wir dann wieder zur\u00fcck in Deutschland. Gerechnet hatten wir mit ca. 25.000 km f\u00fcr die gesamte Strecke. Am Ende waren es <strong>27.000 km<\/strong>.<\/p>\n<p>Bei der Routenplanung haben wir im Vorfeld nur die Eckpunkte abgesteckt. Die genaue Route hat sich dann unterwegs entwickelt.<\/p>\n<p>Das war der <strong>grobe Plan<\/strong>:<\/p>\n<p>&nbsp;<\/p>\n<p><img loading=\"lazy\" decoding=\"async\" class=\"aligncenter size-full wp-image-208\" title=\"Reiseroute\" src=\"http:\/\/roadstomongolia.com\/wp-content\/uploads\/2011\/12\/Reiseroute.png\" alt=\"\" width=\"761\" height=\"266\" \/><\/p>\n<table border=\"0\" width=\"730\" cellspacing=\"3\" cellpadding=\"3\">\n<tbody>\n<tr>\n<td>\n<h3>Etappen Richtung Osten<\/h3>\n<\/td>\n<td>\n<h3>Etappen Richtung Westen<\/h3>\n<\/td>\n<\/tr>\n<tr>\n<td><span style=\"color: #ff0000;\"><strong>Etappe 1 &#8211; 1.500km<\/strong><\/span><br \/>\nDeutschland &#8211; \u00d6sterreich &#8211; Ungarn<\/td>\n<td><span style=\"color: #ff6600;\"><strong>Etappe 4 &#8211; 2.500km<\/strong><\/span><br \/>\nMongolei<\/td>\n<\/tr>\n<tr>\n<td><span style=\"color: #3333ff;\"><strong>Etappe 2 &#8211; 3.000km<\/strong><\/span><br \/>\nRum\u00e4nien &#8211; Moldavien &#8211; Ukraine &#8211; Russland<\/td>\n<td><span style=\"color: #ff3366;\"><strong>Etappe 5 &#8211; 7.000km<\/strong><\/span><br \/>\nRussland<\/td>\n<\/tr>\n<tr>\n<td><span style=\"color: #2ad700;\"><strong>Etappe 3 &#8211; 7.500km<\/strong><\/span><br \/>\nKasachstan &#8211; Russland<\/td>\n<td><span style=\"color: #996600;\"><strong>Etappe 6 &#8211; 3.500km<\/strong><\/span><br \/>\nBaltikum &#8211; Polen &#8211; Tschechien &#8211; Deutschland<\/td>\n<\/tr>\n<\/tbody>\n<\/table>\n<p>&nbsp;<\/p>\n<p><strong>\u00a0<a title=\"gefahrene Route\" href=\"http:\/\/roadstomongolia.com\/?page_id=426\">Hier <\/a><\/strong>findet Ihr die tats\u00e4chlich gefahrene Route.<\/p>\n","protected":false},"excerpt":{"rendered":"<p>In 100 Tagen ging es von Deutschland in die Mongolei und zur\u00fcck. Mitte Mai 2012 starteten wir in Richtung Osten und Ende August 2012 waren wir dann wieder zur\u00fcck in Deutschland. Gerechnet hatten wir mit ca. 25.000 km f\u00fcr die gesamte Strecke. Am Ende waren es 27.000 km. Bei der &#8230;<\/p>\n","protected":false},"author":5,"featured_media":0,"parent":2433,"menu_order":3,"comment_status":"closed","ping_status":"closed","template":"template-full-width.php","meta":{"ngg_post_thumbnail":0,"footnotes":""},"class_list":["post-148","page","type-page","status-publish","hentry","column","onecol"],"_links":{"self":[{"href":"http:\/\/roadstomongolia.com\/index.php?rest_route=\/wp\/v2\/pages\/148","targetHints":{"allow":["GET"]}}],"collection":[{"href":"http:\/\/roadstomongolia.com\/index.php?rest_route=\/wp\/v2\/pages"}],"about":[{"href":"http:\/\/roadstomongolia.com\/index.php?rest_route=\/wp\/v2\/types\/page"}],"author":[{"embeddable":true,"href":"http:\/\/roadstomongolia.com\/index.php?rest_route=\/wp\/v2\/users\/5"}],"replies":[{"embeddable":true,"href":"http:\/\/roadstomongolia.com\/index.php?rest_route=%2Fwp%2Fv2%2Fcomments&post=148"}],"version-history":[{"count":125,"href":"http:\/\/roadstomongolia.com\/index.php?rest_route=\/wp\/v2\/pages\/148\/revisions"}],"predecessor-version":[{"id":2932,"href":"http:\/\/roadstomongolia.com\/index.php?rest_route=\/wp\/v2\/pages\/148\/revisions\/2932"}],"up":[{"embeddable":true,"href":"http:\/\/roadstomongolia.com\/index.php?rest_route=\/wp\/v2\/pages\/2433"}],"wp:attachment":[{"href":"http:\/\/roadstomongolia.com\/index.php?rest_route=%2Fwp%2Fv2%2Fmedia&parent=148"}],"curies":[{"name":"wp","href":"https:\/\/api.w.org\/{rel}","templated":true}]}}